{"id":27,"date":"2020-05-28T12:44:27","date_gmt":"2020-05-28T12:44:27","guid":{"rendered":"https:\/\/www.vis-talez.com\/new\/?page_id=27"},"modified":"2020-06-09T10:09:12","modified_gmt":"2020-06-09T10:09:12","slug":"naslovna","status":"publish","type":"page","link":"https:\/\/www.vis-talez.com\/new\/","title":{"rendered":"Naslovna"},"content":{"rendered":"<div id=\"pl-27\"  class=\"panel-layout\" ><div id=\"pg-27-0\"  class=\"panel-grid panel-no-style\" ><div id=\"pgc-27-0-0\"  class=\"panel-grid-cell\" ><\/div><\/div><div id=\"pg-27-1\"  class=\"panel-grid panel-no-style\" ><div id=\"pgc-27-1-0\"  class=\"panel-grid-cell\" ><div id=\"panel-27-1-0-0\" class=\"so-panel widget widget_sow-editor panel-first-child panel-last-child\" data-index=\"1\" ><div\n\t\t\t\n\t\t\tclass=\"so-widget-sow-editor so-widget-sow-editor-base\"\n\t\t\t\n\t\t><h3 class=\"widget-title\">Tale\u017e na otoku Visu<\/h3>\n<div class=\"siteorigin-widget-tinymce textwidget\">\n\t<p><img loading=\"lazy\" decoding=\"async\" class=\"size-medium wp-image-133 alignleft\" src=\"https:\/\/www.vis-talez.com\/new\/wp-content\/uploads\/2020\/06\/talez-otok-vis-unutrasnjost-300x200.jpg\" alt=\"\" width=\"300\" height=\"200\" srcset=\"https:\/\/www.vis-talez.com\/new\/wp-content\/uploads\/2020\/06\/talez-otok-vis-unutrasnjost-300x200.jpg 300w, https:\/\/www.vis-talez.com\/new\/wp-content\/uploads\/2020\/06\/talez-otok-vis-unutrasnjost-1024x683.jpg 1024w, https:\/\/www.vis-talez.com\/new\/wp-content\/uploads\/2020\/06\/talez-otok-vis-unutrasnjost-768x512.jpg 768w, https:\/\/www.vis-talez.com\/new\/wp-content\/uploads\/2020\/06\/talez-otok-vis-unutrasnjost-1536x1024.jpg 1536w, https:\/\/www.vis-talez.com\/new\/wp-content\/uploads\/2020\/06\/talez-otok-vis-unutrasnjost-272x182.jpg 272w, https:\/\/www.vis-talez.com\/new\/wp-content\/uploads\/2020\/06\/talez-otok-vis-unutrasnjost.jpg 2048w\" sizes=\"auto, (max-width: 300px) 100vw, 300px\" \/>Obnovljeni zaseok \u010dempresa. Na\u0161 <strong>\u00abliberum arbitrium\u00bb<\/strong> bio je obnova Tale\u017ea - napu\u0161tenog malog zaseoka u unutra\u0161njosti Visa. Naselje su zasnovali krajem 18. i po\u010detkom 19. st. pripadnici obitelji Bor\u010di\u0107 (Kosanovi).<\/p>\n<p>Zaselak se nalazi na 220 m nm.,okru\u017een \u010dempresima i borovima-50 metara ispod vrha uzvisine, gdje se pru\u017ea prekrasan pogled na otoke ju\u017enog Jadrana - Su\u0161ac, Lastovo, Kor\u010dulu i Hvar, a za bistrog vremena vidi se Palagru\u017ea i kopno Italije. S druge strane naselje gleda na dolinu gdje su vinogradi i Pod\u0161pilje, \u017dena glavu, Duboku i Borovik. U blizini nekoliko stotina metara jugozapadno nalazi se jedno od najstarijih arheolo\u0161kih nalazi\u0161ta Glavica <strong>\"Teutin svjetionik\"<\/strong> na 245 m nm.<\/p>\n<blockquote>\n<p>Predpostavlja se da je nastao u 4. st. prije Krista i bio najve\u0107i svjetionik na ovom dijelu Jadrana. Obnova naselja zapo\u010dela je 2000.godine s namjerom da se vrati izvorni izgled. \"<em>Mir koji vlada na Tale\u017eu, mirisi smilja, ru\u017emarina, kadulje, vrijeska, toplina kru\u0161ne pe\u010di, cvr\u010dci, vjetar koji pu\u0161e kroz borove podnevima, glasovi te\u017eaka iz doline - neizbrisivo su urezani u moja sje\u0107anja iz djetinjstva - kada sam kao mala djevoj\u010dica provodila dio ljeta kod svoje pra none Franine<\/em>\".<\/p>\n<\/blockquote>\n<p>Dio tih osje\u0107aja i sje\u0107anja ugra\u0111en je u ovu obnovu i \u010dini njegov sastavni dio. \u017delja nam je da osim obnove i razvoja eko turizma osmislimo i pokrenemo rad likovnih, glazbenih, arhitektonskih, kazali\u0161nih i knji\u017eevnih radionica u kojima \u0107e u\u010destvovati i na\u0161i gosti i prijatelji.<\/p>\n<\/div>\n<\/div><\/div><\/div><div id=\"pgc-27-1-1\"  class=\"panel-grid-cell\" ><div id=\"panel-27-1-1-0\" class=\"so-panel widget widget_sow-editor panel-first-child panel-last-child\" data-index=\"2\" ><div\n\t\t\t\n\t\t\tclass=\"so-widget-sow-editor so-widget-sow-editor-base\"\n\t\t\t\n\t\t><h3 class=\"widget-title\">Smje\u0161taj u na\u0161im ku\u0107ama<\/h3>\n<div class=\"siteorigin-widget-tinymce textwidget\">\n\t<p><img loading=\"lazy\" decoding=\"async\" class=\"wp-image-138 size-medium alignleft\" src=\"https:\/\/www.vis-talez.com\/new\/wp-content\/uploads\/2020\/06\/talez-otok-vis-noc-300x200.jpg\" alt=\"\" width=\"300\" height=\"200\" srcset=\"https:\/\/www.vis-talez.com\/new\/wp-content\/uploads\/2020\/06\/talez-otok-vis-noc-300x200.jpg 300w, https:\/\/www.vis-talez.com\/new\/wp-content\/uploads\/2020\/06\/talez-otok-vis-noc-768x512.jpg 768w, https:\/\/www.vis-talez.com\/new\/wp-content\/uploads\/2020\/06\/talez-otok-vis-noc-272x182.jpg 272w, https:\/\/www.vis-talez.com\/new\/wp-content\/uploads\/2020\/06\/talez-otok-vis-noc.jpg 960w\" sizes=\"auto, (max-width: 300px) 100vw, 300px\" \/>Gostima nudimo boravak u <strong>starim oto\u010dkim ku\u0107ama<\/strong> u cijelosti obnovljenim, okru\u017eenim jedinstvenim prirodnim okoli\u0161em i s prekrasnim pogledom na dolinu i vinograde otoka kao i pogledom na more i otoke ju\u017enog Jadrana.<\/p>\n<p>Imanje nudi jedinstvenu priliku da spoznate povijest , kulturu i arhitekturu ruralne regije otoka..<br \/>\n\u017delja nam je da osim obnove i razvoja eko turizma osmislimo i pokrenemo rad likovnih, glazbenih, arhitektonskih, kazali\u0161nih i knji\u017eevnih radionica u kojima \u0107e u\u010destvovati i na\u0161i gosti i prijatelji.<\/p>\n<p>Vanjski prostor oko ku\u0107a je<strong> cca 13000 m2 s bazenom 7x3.5m i vanjskim ro\u0161tiljem<\/strong>. 3 ku\u0107e su predvi\u0111ene za boravak i dru\u017eenje 3 obitelji ili grupe prijatelja (cca 12 osoba). Svaka ku\u0107a ima cca 60m2 - 2 sobe s 2 le\u017eaja te kuhinja s blagovaonicom i kupatilo s tu\u0161em. Pokretne klime, mali TV, plinski \u0161tednjak, mikro valne pe\u0107nice i elektri\u010dni grill dio su opreme svake ku\u0107e.<\/p>\n<p>Za goste je predvi\u0111ena i <strong>zasebna ku\u0107a od cca 40m2<\/strong> koja slu\u017ei za zajedni\u010dki prostor za dru\u017eenje i boravak sa satelitskim TV, \u0161ankom, mjestom za kompjuter i slu\u0161anje muzike te otvorenim kaminom. Od Visa vodi stara asfaltna cesta prema Pod\u0161pilju Dolazak do Tale\u017ea mogu\u0107 je osobnim automobilom po makadamskoj cesti od cca 350m koja se nalazi na izlazu iz mjesta Duboka u Pod\u0161pilju.<\/p>\n<p>Mogu\u0107a je organizacija svakodnevne kombi dostave svje\u017eeg kruha , vo\u0107a, povr\u0107a i ostalih \u017eive\u017enih namirnica kao i pranja rublja.<\/p>\n<\/div>\n<\/div><\/div><\/div><\/div><div id=\"pg-27-2\"  class=\"panel-grid panel-no-style\" ><div id=\"pgc-27-2-0\"  class=\"panel-grid-cell\" ><div id=\"panel-27-2-0-0\" class=\"so-panel widget widget_sow-image panel-first-child panel-last-child\" data-index=\"3\" ><div\n\t\t\t\n\t\t\tclass=\"so-widget-sow-image so-widget-sow-image-default-c67d20f9f743-27\"\n\t\t\t\n\t\t>\n\n<div class=\"sow-image-container\">\n\t\t<img loading=\"lazy\" decoding=\"async\" src=\"https:\/\/www.vis-talez.com\/new\/wp-content\/uploads\/2020\/06\/vis-talez-eksterijer-e1591639192233-2.jpg\" width=\"2048\" height=\"650\" srcset=\"https:\/\/www.vis-talez.com\/new\/wp-content\/uploads\/2020\/06\/vis-talez-eksterijer-e1591639192233-2.jpg 2048w, https:\/\/www.vis-talez.com\/new\/wp-content\/uploads\/2020\/06\/vis-talez-eksterijer-e1591639192233-2-300x95.jpg 300w, https:\/\/www.vis-talez.com\/new\/wp-content\/uploads\/2020\/06\/vis-talez-eksterijer-e1591639192233-2-1024x325.jpg 1024w, https:\/\/www.vis-talez.com\/new\/wp-content\/uploads\/2020\/06\/vis-talez-eksterijer-e1591639192233-2-768x244.jpg 768w, https:\/\/www.vis-talez.com\/new\/wp-content\/uploads\/2020\/06\/vis-talez-eksterijer-e1591639192233-2-1536x488.jpg 1536w\" sizes=\"auto, (max-width: 2048px) 100vw, 2048px\" title=\"vis-talez-eksterijer-e1591639192233\" alt=\"\" \t\tclass=\"so-widget-image\"\/>\n\t<\/div>\n\n<\/div><\/div><\/div><\/div><\/div>","protected":false},"excerpt":{"rendered":"<p>Obnovljeni zaseok \u010dempresa. Na\u0161 \u00abliberum arbitrium\u00bb bio je obnova Tale\u017ea &#8211; napu\u0161tenog malog zaseoka u unutra\u0161njosti Visa. Naselje su zasnovali krajem 18. i po\u010detkom 19. st. pripadnici obitelji Bor\u010di\u0107 (Kosanovi). Zaselak se nalazi na 220 m nm.,okru\u017een \u010dempresima i borovima-50 metara ispod vrha uzvisine, gdje se pru\u017ea prekrasan pogled na otoke ju\u017enog Jadrana &#8211; Su\u0161ac, [&hellip;]<\/p>\n","protected":false},"author":1,"featured_media":0,"parent":0,"menu_order":0,"comment_status":"closed","ping_status":"closed","template":"home-panels.php","meta":{"footnotes":""},"class_list":["post-27","page","type-page","status-publish","hentry","post"],"_links":{"self":[{"href":"https:\/\/www.vis-talez.com\/new\/wp-json\/wp\/v2\/pages\/27","targetHints":{"allow":["GET"]}}],"collection":[{"href":"https:\/\/www.vis-talez.com\/new\/wp-json\/wp\/v2\/pages"}],"about":[{"href":"https:\/\/www.vis-talez.com\/new\/wp-json\/wp\/v2\/types\/page"}],"author":[{"embeddable":true,"href":"https:\/\/www.vis-talez.com\/new\/wp-json\/wp\/v2\/users\/1"}],"replies":[{"embeddable":true,"href":"https:\/\/www.vis-talez.com\/new\/wp-json\/wp\/v2\/comments?post=27"}],"version-history":[{"count":73,"href":"https:\/\/www.vis-talez.com\/new\/wp-json\/wp\/v2\/pages\/27\/revisions"}],"predecessor-version":[{"id":90,"href":"https:\/\/www.vis-talez.com\/new\/wp-json\/wp\/v2\/pages\/27\/revisions\/90"}],"wp:attachment":[{"href":"https:\/\/www.vis-talez.com\/new\/wp-json\/wp\/v2\/media?parent=27"}],"curies":[{"name":"wp","href":"https:\/\/api.w.org\/{rel}","templated":true}]}}