{"id":313,"date":"2020-07-07T09:03:15","date_gmt":"2020-07-07T09:03:15","guid":{"rendered":"https:\/\/www.vis-talez.com\/new\/?page_id=313"},"modified":"2020-07-07T14:33:35","modified_gmt":"2020-07-07T14:33:35","slug":"politika-privatnosti","status":"publish","type":"page","link":"https:\/\/www.vis-talez.com\/new\/politika-privatnosti\/","title":{"rendered":"Politika privatnosti"},"content":{"rendered":"<div id=\"pl-313\"  class=\"panel-layout\" ><div id=\"pg-313-0\"  class=\"panel-grid panel-no-style\" ><div id=\"pgc-313-0-0\"  class=\"panel-grid-cell\" ><div id=\"panel-313-0-0-0\" class=\"so-panel widget widget_sow-editor panel-first-child panel-last-child\" data-index=\"0\" ><div\n\t\t\t\n\t\t\tclass=\"so-widget-sow-editor so-widget-sow-editor-base\"\n\t\t\t\n\t\t>\n<div class=\"siteorigin-widget-tinymce textwidget\">\n\t<div class=\"col-inner\">\n<div class=\"dslc-code-empty-content dslc-modules-section-wrapper dslc-clearfix\">\n<div id=\"dslc-theme-content\">\n<div id=\"dslc-theme-content-inner\">\n<div class=\"entry-content\">\n<p>Razumijemo da Vam je privatnost va\u017ena i da Vam je stalo do toga kako se Va\u0161i osobni podaci prikupljaju i koriste. Ova Pravila privatnosti obja\u0161njavaju kada, za\u0161to i kako prikupljamo osobne podatke od osoba koje posjete na\u0161u web stranicu, ispune narud\u017ebenicu i putem elektroni\u010dke komunikacije ugovore kori\u0161tenje bilo koje na\u0161e usluge ili proizvoda, ili koje zatra\u017ee da ih kontaktiramo ili nas kontaktiraju elektroni\u010dkim putem. Ova pravila tako\u0111er navode pod kojim uvjetima mo\u017eemo otkriti te podatke drugima i na koji na\u010din se brinemo o sigurnosti podataka. Ova Pravila privatnosti sastavni su dio Pravilnika o na\u010dinima prikupljanja, obrade i kori\u0161tenja osobnih podataka\u00a0 koji je u skladu sa Op\u0107om uredbom o za\u0161titi podataka koja se u zemljama EU primjenjuje od 25.svibnja 2018 god (GDPR) tj. Zakonom o provedbi Op\u0107e uredbe o za\u0161titi osobnih podataka (NN RH 48\/18).<\/p>\n<p>Molimo da na\u0161a Pravila privatnosti pro\u010ditate u cijelosti. Na po\u010detku ukratko navodimo na\u010dela kojima se rukovodimo u svome poslovanju:<\/p>\n<p>Nikada ne\u0107emo prodati Va\u0161e osobne podatke.<br \/>\nNikada ne\u0107emo podijeliti Va\u0161e osobne podatke s tre\u0107om osobom u svrhe promid\u017ebe te tre\u0107e osobe.<br \/>\nUvijek \u0107emo se brinuti o sigurnosti Va\u0161ih podataka, po\u0161tuju\u0107i sve propise o za\u0161titi osobnih podataka.<\/p>\n<p>Ako niste sigurni ili imate pitanje oko toga kako se prikupljaju ili koriste Va\u0161i podaci, molimo da nas kontaktirate na info@vis-talez.com<\/p>\n<p>Slijede na\u0161a Pravila privatnosti:<\/p>\n<p><strong>01. KADA PRIKUPLJAMO VA\u0160E OSOBNE PODATKE?<\/strong><\/p>\n<p>Va\u0161e osobne podatke mo\u017eemo prikupljati u ovim prilikama:<br \/>\n\u2013 mo\u017eemo prikupljati osobne podatke koje unesete kada ispunjavate obrasce na na\u0161oj web stranici poput mail kontakta, zahtjeva za slanjem ponude i sli\u010dno. Mo\u017eemo Vas pitati za Va\u0161e osobne podatke i u slu\u010daju kada sudjelujete u na\u0161im nagradnim igrama ili promid\u017ebenim akcijama ili ako nam prijavite problem vezan uz na\u0161u web stranicu.<br \/>\n\u2013 ako nas kontaktirate, mo\u017eemo prikupljati zapise o takvoj korespondenciji, uklju\u010duju\u0107i eventualne osobne podatke koje navedete u tijeku korespondencije.<br \/>\n\u2013 mo\u017eemo prikupljati osobne podatke koje ste nam dostavili u okviru anketa za koje smo Vas zamolili da ih ispunite, iako niste obvezni na ankete odgovoriti.<br \/>\n\u2013 mo\u017eemo prikupljati podatke vezane uz Va\u0161 posjet na\u0161im web stranicama, poput podataka o prometu, podataka o lokaciji i drugih komunikacijskih podataka radi svoje vlastite sigurnosti, za dijagnosti\u010dke svrhe, autentifikaciju te naplatu i izdavanje ra\u010duna.<\/p>\n<p><strong>02. KOJE OSOBNE PODATKE PRIKUPLJAMO?<\/strong><\/p>\n<p>02.01. Ako samo pregledavate na\u0161e web stranice tada prikupljamo sljede\u0107e osobne podatke:<br \/>\n\u2013 IP adresa, doma\u0107in koji pru\u017ea mre\u017enu uslugu, vrsta ure\u0111aja, preglednik<\/p>\n<p>02.02. Ako stupite u kontakt s nama jer \u017eelite koristiti na\u0161e usluge i proizvode mo\u017eemo zatra\u017eiti sljede\u0107e osobne podatke:<\/p>\n<p>\u2013 Ime i prezime<br \/>\n\u2013 OIB<br \/>\n\u2013 Adresa<br \/>\n\u2013 Adresa e-po\u0161te<br \/>\n\u2013 Telefonski broj<br \/>\n\u2013 IP adresa<\/p>\n<p>02.03. Iako ih aktivno ne prikupljamo, mo\u017eemo pohraniti i druge osobne podatke koje dobrovoljno otkrijete tijekom komunikacije s nama (npr. neke podatke o zdravstvenom stanju, o na\u010dinu \u017eivota, o nekim osobnim preferencijama\u2026). Takve podatke zatra\u017eit \u0107emo u Va\u0161em interesu, kako bi Vas savjetovali i pomogli Vam u odabiru proizvoda. Iz istih razloga pohranjujemo podatke o Va\u0161oj povijesti kupnje.<\/p>\n<p>02.04. Podatke o IP adresama korisnika prikupljamo zbog sigurnosnih razloga (sprje\u010davanje DDoS napada, hakiranja, prijevara i sli\u010dno), za potrebe dijagnostike i statisti\u010dke analize prometa a radi pobolj\u0161anja kakvo\u0107e i upotrebljivosti na\u0161ih usluga. Tako\u0111er, na\u0161a web stranica koristi tzv. \u201ckola\u010di\u0107e\u201d (cookies),\u00a0malene datoteke koji se spremaju na Va\u0161e ra\u010dunalo i mogu biti privremene ili trajne. Ako postavke svog internetskog preglednika ne podesite tako da odbijaju kola\u010di\u0107e, na\u0161 sustav \u0107e poslati nu\u017ene i nerazvrstane kola\u010di\u0107e \u010dim posjetite na\u0161u web stranicu a po Va\u0161oj privoli poslat \u0107e i Analytics i AdWords kola\u010di\u0107e.<\/p>\n<p><strong>03. GDJE POHRANJUJEMO I OBRA\u0110UJEMO VA\u0160E OSOBNE PODATKE?<\/strong><\/p>\n<p>Osobne podatke koje od Vas prikupljamo pohranjujemo na na\u0161im ra\u010dunalima u Republici Hrvatskoj. Me\u0111utim, te podatke mo\u017eemo podijeliti s tre\u0107im osobama s kojima sura\u0111ujemo i \u010dije usluge koristimo a \u010dija se sjedi\u0161ta mogu nalaziti izvan EU. Svi takvi poslovni subjekti obavezni su s osobnim podacima postupati u skladu sa propisima i mjerama za\u0161tite koje vrijede u EU.<\/p>\n<p><strong>04. KAKO \u0160TITIMO VA\u0160E OSOBNE PODATKE?<\/strong><\/p>\n<p>\u010cuvanju sigurnosti osobnih podataka pridajemo najve\u0107u mogu\u0107u pozornost i poduzimamo sve potrebne korake u skladu s propisima o za\u0161titi osobnih podataka koji su va\u017ee\u0107i u Republici Hrvatskoj. Fizi\u010dki pristup svim osobnim podacima \u0161titi se prema odgovaraju\u0107im standardima. Svi osobni podaci koje imamo u elektronskom obliku za\u0161ti\u0107eni su zaporkama i pristup njima imaju samo ovla\u0161tene osobe.<\/p>\n<p><strong>05. ZA KOJE SVRHE KORISTIMO OSOBNE PODATKE?<\/strong><\/p>\n<p>Osobne podatke koje prikupljamo koristimo u slijede\u0107e svrhe:<\/p>\n<p>\u2013 za verifikaciju Va\u0161eg identiteta.<br \/>\n\u2013 za ispunjavanje na\u0161ih obveza koje proizlaze iz narud\u017ebi\/ugovora koje ste sklopili s nama.<br \/>\n\u2013 za odgovaranje na Va\u0161e upite, za pru\u017eanje informacija o proizvodima, za savjetovanje i pomo\u0107 kod odabira<br \/>\n\u2013 za isporuku proizvoda i pru\u017eanje usluge koje zatra\u017eite od nas, za informacije o isporuci<br \/>\n\u2013 za slanje obavijesti o promjenama vezanima uz na\u0161e usluge.<br \/>\n\u2013 za slanje promid\u017ebenih poruka e-po\u0161te, u slu\u010dajevima kada ste za to dali svoju izri\u010ditu privolu.<br \/>\n\u2013 za prikazivanje sadr\u017eaja na\u0161ih web stranica na naju\u010dinkovitiji na\u010din na Va\u0161em ure\u0111aju.<br \/>\n\u2013 za sprje\u010davanje prijevara i zloupotreba<\/p>\n<p><strong>06. PRAVNA OSNOVA ZA PRIKUPLJANJE I OBRADU<\/strong><\/p>\n<p>Propisi o za\u0161titi osobnih podataka ure\u0111uju pretpostavke pod kojima se osobni podaci mogu prikupljati \u2013 to su pravne osnove za prikupljanje i obradu. Te pravne osnove su kako slijedi:<\/p>\n<p><strong>Izvr\u0161avanje ugovornih obveza:\u00a0<\/strong>Kada ugovorate pru\u017eanje neke od na\u0161ih usluga ili isporuku nekih od na\u0161ih proizvoda, od Vas moramo prikupiti osobne podatke kako bismo ispunili svoje ugovorne obveze.<\/p>\n<p><strong> Po\u0161tovanje pravnih obveza:\u00a0<\/strong>Propisi na snazi u Republici Hrvatskoj name\u0107u nam obvezu da prikupljamo i obra\u0111ujemo podatke za odre\u0111ene svrhe, kao \u0161to su ra\u010dunovodstvene svrhe (npr. izdavanje ra\u010duna) te dostavljanje podataka sukladno zahtjevima pravosudnih tijela.<\/p>\n<p><strong>Legitimni interesi:\u00a0<\/strong>Kao dio svog svakodnevnog poslovanja, prikupljamo podatke za potrebe legitimnih interesa na razuman na\u010din. Primjerice, prikupljamo podatke za analizu kori\u0161tenja na\u0161e web stranice.<\/p>\n<p><strong>Privola:\u00a0<\/strong>Prikupljanje i obradu dijela Va\u0161ih osobnih podataka \u010dinimo uz Va\u0161u privolu, primjerice u svrhu slanja na\u0161eg newslettera i promid\u017ebenih poruka e-po\u0161te. U bilo kojem trenutku privolu mo\u017eete povu\u0107i.<\/p>\n<p><strong>07. KOLIKO DUGO \u010cUVAMO OSOBNE PODATKE?<\/strong><\/p>\n<p>Va\u0161e podatke \u010duvamo samo onoliko dugo koliko je nu\u017eno potrebno za ispunjavanje svrhe zbog koje su prikupljeni a najdu\u017ee 1 godinu. Taj rok smatramo razumnim rokom \u010duvanja osobnih podataka kupaca\/stranaka u skladu sa ranije navedenim svrhama.\u00a0Na kraju razdoblja \u010duvanja osobne podatke \u0107emo ili izbrisati ili anonimizirati tako da se vi\u0161e ne mogu povezati s konkretnim osobama. Osobne podatke za koje ste nam dali privolu koristimo do povla\u010denja privole (newsletter).<\/p>\n<p><strong>08. S KIM DIJELIMO OSOBNE PODATKE?<\/strong><\/p>\n<p>Kao i druge web stranice koristimo usluge tre\u0107ih strana \u2013 pravnih osoba\/dru\u0161tava \u2013 vezane uz usluge poput smje\u0161taja stranica na server, izrade i odr\u017eavanja stranica i sli\u010dno.<\/p>\n<p>Ispod se nalazi popis dru\u0161tava s kojima svakodnevno dijelimo podatke i koji su ovla\u0161teni izvr\u0161itelji prikupljanja i obrade osobnih podataka. Popis ne uklju\u010duje usluge trgova\u010dkih dru\u0161tava s kojima dijelimo anonimne podatke ili koja pru\u017eaju usluge na ad hoc osnovi. Sve navedene izvr\u0161itelje prikupljanja i obrade pozorno smo odabrali i pobrinuli smo se da svi pru\u017eaju odgovaraju\u0107u za\u0161titu osobnih podataka sukladno GDPR-u.<\/p>\n<ol>\n<li>Obrt za ra\u010dunalne i srodne djelatnosti Trenutak \u2013 tvrtka za izradu i odr\u017eavanje web stranica<\/li>\n<\/ol>\n<p><strong>09. ZENDESK LIVE CHAT, GOOGLE ANALYTICS I GOOGLE ADWORDS<\/strong><\/p>\n<p>Za izravnu komunikaciju sa posjetiteljima na\u0161ih stranica (usluga na ad hoc osnovi) koristimo live chat software tvrtke Zendesk (San Francisco, California, SAD) \u2013 taj software automatski prikuplja podatke o IP adresama, vrsti i postavkama preglednika, vrsti ure\u0111aja i operativnog sustava te o vremenu i u\u010destalosti posjeta a za potrebe analize posje\u0107enosti stranice. Na chatu, tijekom razgovora s nama, predstavljate se dobrovoljno. U paketu usluga tvrtke Zendesk koji koristimo prikupljeni anonimni podaci, osobni podaci i povijest pregledavanja stranice nama su vidljivi dva tjedna. Vi\u0161e o tome kako Zendesk brine o prikupljanju i za\u0161titi osobnih podataka mo\u017eete na\u0107i na\u00a0\u00a0<a href=\"https:\/\/www.zendesk.com\/company\/privacy-and-data-protection\/\">https:\/\/www.zendesk.com\/company\/privacy-and-data-protection\/\u00a0<\/a><\/p>\n<p>Kao i mnoge druge web stranice koristimo alate\/usluge kompanije Google za prikupljanje anonimnih podataka o korisnicima na\u0161ih web stranica, kako bismo doznali koliko \u010desto posje\u0107uju na\u0161e web stranice, koje stranice posje\u0107uju, u koje vrijeme ih posje\u0107uju, koliko dugo ostaju i iz koje zemlje dolaze.<\/p>\n<p>Za potrebe mjerenja uspje\u0161nosti na\u0161e web stranice i za internetski marketing koristimo program Google Analytics za \u0161to nam dajete privolu prilikom posjete na\u0161im web stranicama klikom na gumb \u201eDa\u201c. Privolu mo\u017eete povu\u0107i u bilo koje vrijeme klikom na gumb \u201eNe\u201c. Za pristup davanju privole molimo koristite gumb \u201c<span id=\"cookie_hdr_showagain\">Kola\u010di\u0107i i pravila privatnosti<\/span>\u201d u donjem lijevom kutu na\u0161e web stranice.<\/p>\n<p>Navedeni podaci prikupljaju se pomo\u0107u kola\u010di\u0107a i IP adresa a dobivene statistike koriste se za sljede\u0107e svrhe:<\/p>\n<p>\u2013 za pobolj\u0161anje uporabljivosti web stranica.<br \/>\n\u2013 za pra\u0107enje uspje\u0161nosti marketin\u0161kih kampanja.<br \/>\n\u2013 za analizu obrazaca pona\u0161anja posjetitelja web stranice.<\/p>\n<p>Podaci prikupljeni putem Google Analytics \u010duvaju se 26 mjeseci.\u00a0Ako ne \u017eelite da Google Analytics prikuplja informacije o Va\u0161im preferencijama, pretra\u017eivanjima i pona\u0161anju na mre\u017ei mo\u017eete instalirati Googleov dodatak za svoj preglednik koji \u0107e to sprije\u010diti. Dodatak mo\u017eete preuzeti ovdje: <a href=\"https:\/\/tools.google.com\/dlpage\/gaoptout\">https:\/\/tools.google.com\/dlpage\/gaoptout<br \/>\n<\/a><br \/>\nVi\u0161e informacija o tome kako Google koristi podatke prikupljene s na\u0161ih web stranica mo\u017eete prona\u0107i na\u00a0<a href=\"https:\/\/policies.google.com\/privacy\/partners?hl=hr&amp;gl=uk\">https:\/\/policies.google.com\/privacy\/partners?hl=hr&amp;gl=uk<\/a><\/p>\n<p>Za potrebe na\u0161eg internet marketinga korisitmo program Google AdWords za \u0161to nam tako\u0111er dajete privolu prilikom posjete na\u0161oj stranici klikom na gumb \u201eDa\u201c. Privolu mo\u017eete povu\u0107i u bilo kojem trenutku klikom na gumb \u201eNe\u201c. Za pristup davanju privole molimo koristite gumb \u201c<span id=\"cookie_hdr_showagain\">Kola\u010di\u0107i i pravila privatnosti<\/span>\u201d u donjem lijevom kutu na\u0161e web stranice.<\/p>\n<p><strong>10. DIJELJENJE I OTKRIVANJE VA\u0160IH OSOBNIH PODATAKA<\/strong><\/p>\n<p>Va\u0161e osobne podatke mo\u017eemo otkriti tre\u0107im osobama u sljede\u0107im okolnostima:<\/p>\n<p>\u2013\u00a0 ako imamo obvezu otkriti ili podijeliti Va\u0161e osobne podatke: zakonsku obvezu ili obavezu za\u0161tite prava, imovine ili\/i sigurnosti svojih korisnika ili drugih osoba.<\/p>\n<p>Navedeno uklju\u010duje razmjenu informacija s drugim dru\u0161tvima i organizacijama u svrhe sprje\u010davanja prijevara i sigurnosnih proboja te u svrhu istra\u017eivanja i statistike.<\/p>\n<p><strong>11. VANJSKE POVEZNICE<\/strong><\/p>\n<p>Na svojoj web stranici mo\u017eemo postaviti poveznice na web stranice svojih poslovnih partnera. Ako slijedite tu poveznicu na bilo koju od tih web stranica, uzmite u obzir da se na te web stranice primjenjuju njihova vlastita pravila o privatnosti i da nemamo nikakvu odgovornost vezano uz ta pravila. Molimo da pregledate ta pravila u trenutku kad pristupite stranicama partnera a svakako prije nego na tim web stranicama upisujete ili posredstvom njih bilo kome dostavljate svoje osobne podatke<\/p>\n<p><strong>12. VA\u0160A PRAVA PREMA GDPR-u<\/strong><\/p>\n<p>Prema Op\u0107oj uredbi o za\u0161titi osobnih podataka\u00a0i Zakonu o provedbi Op\u0107e uredbe o za\u0161titi osobnih podataka (NN RH 48\/18) od 25. svibnja 2018. imate odre\u0111ena prava koja se odnose na Va\u0161e osobne podatke, te ih u nastavku ukratko opisujemo.<\/p>\n<p>12.01. Pravo na ograni\u010denje obrade<\/p>\n<p>Imate pravo zahtijevati ograni\u010denje obrade svojih osobnih podataka<\/p>\n<p>\u2013 kada ne postoji legitimni interes da podatke prikupljamo<br \/>\n\u2013 kada osporavate to\u010dnost osobnih podataka<br \/>\n\u2013 kada ste ulo\u017eili prigovor na obradu podataka (vidi ispod Pravo na prigovor), a mi razmatramo nadilaze li na\u0161i legitimni razlozi Va\u0161e razloge.<br \/>\n\u2013 kada je obrada nezakonita a Vi se protivite brisanju osobnih podataka te umjesto toga tra\u017eite ograni\u010denje njihove uporabe.<br \/>\n\u2013 kada nam vi\u0161e ne trebaju Va\u0161i osobni podatci a Vi ih trebate radi postavljanja, ostvarivanja ili obrane pravnih zahtjeva.<br \/>\nSvoje pravo mo\u017eete ostvariti u bilo kojem trenutku tako da nas kontaktirate (vidi ispod Kako nas mo\u017eete kontaktirati).<\/p>\n<p>12.02 Pravo na pristup podacima<\/p>\n<p>Uredba Vam daje pravo pitati nas koje Va\u0161e osobne podatke imamo i kako ih obra\u0111ujemo te pravo na pristup tim podacima. Svoje pravo mo\u017eete ostvariti tako da nas kontaktirate (vidi ispod Kako nas mo\u017eete kontaktirati).<\/p>\n<p>Uzmite u obzir da prije obrade bilo kojeg zahtjeva za pristup podacima moramo potvrditi Va\u0161 identitet pa je mogu\u0107e da Vas dodatno kontaktiramo kako bismo u Va\u0161 identitet bili sigurni\u00a0 Nakon \u0161to potvrdimo Va\u0161 identitet tra\u017eene informacije pru\u017eit \u0107emo u roku od 30 dana.<br \/>\nInformacije \u0107emo pru\u017eiti bez naknade ali mo\u017eemo naplatiti administratorsku naknadu ako je zahtjev o\u010dito neutemeljen ili pretjeran i naro\u010dito ako se ponavlja. U svakom slu\u010daju, ako ste na\u0161 postoje\u0107i korisnik svojim osobnim podacima mo\u017eete pristupiti tako da nas direktno kontaktirate sa svojim zahtjevom<\/p>\n<p>12.03. Pravo na brisanje (Pravo na zaborav)<\/p>\n<p>Kao fizi\u010dka osoba imate pravo zahtijevati brisanje svih svojih osobnih podataka koje imamo. Me\u0111utim, uzmite u obzir da to nije apsolutno pravo pa tako, primjerice, ne nadilazi na\u0161e zakonsku obvezu da \u010duvamo ra\u010dunovodstvene podatke. Brisanje svojih osobnih podataka mo\u017eete zahtijevati kada Va\u0161i podaci vi\u0161e nisu nu\u017eni u odnosu na svrhu zbog koje su izvorno prikupljeni. Svoje pravo mo\u017eete ostvariti tako da nas kontaktirate (vidi ispod Kako nas mo\u017eete kontaktirati).<\/p>\n<p>12.04. Pravo na ispravak<\/p>\n<p>GDPR Vam daje pravo na ispravak bilo kojeg osobnog podatka koji je neto\u010dan ili nepotpun. (vidi ispod Kako nas mo\u017eete kontaktirati).<\/p>\n<p>12.05 Pravo na prenosivost podataka<\/p>\n<p>Imate pravo zahtijevati dostavu osobnih podataka koje ste nam stavili na raspolaganje u elektroni\u010dki \u010ditljivom obliku. Ako \u017eelite primiti ispis svojih podataka, molimo da nas kontaktirate (vidi ispod Kako nas mo\u017eete kontaktirati).<\/p>\n<p>12.06. Pravo na prigovor<\/p>\n<p>Imate pravo ulo\u017eiti prigovor na obradu svojih osobnih podataka. Svoje pravo mo\u017eete ostvariti tako da nas kontaktirate (vidi ispod Kako nas mo\u017eete kontaktirati).<\/p>\n<p><strong>13. IZMJENE NA\u0160IH PRAVILA O PRIVATNOSTI<\/strong><\/p>\n<p>Pravila o privatnosti redovito pregledavamo i po potrebi osvje\u017eavamo, a najnoviju ina\u010dicu mo\u017eete uvijek prona\u0107i ovdje<\/p>\n<p><strong>14 . KAKO NAS MO\u017dETE KONTAKTIRATI?<\/strong><\/p>\n<p>Va\u0161a pitanja, komentari i zahtjevi vezani uz ova Pravila o privatnosti su dobrodo\u0161li i u vezi s time nas mo\u017eete kontaktirati na sljede\u0107e na\u010dine:<\/p>\n<p>Mo\u017eete nam poslati poruku e-po\u0161tom na info@vis-talez.com<\/p>\n<p>Mo\u017eete nas nazvati radnim danom od 9-15 h na tel +385(0)91 5041282<\/p>\n<p>Mo\u017eete nam pisati na: Vlasta KURSPAHIC Tale\u017e, 21480 VIS<\/p>\n<p><strong>15. KAKO MO\u017dETE KONTAKTIRATI NADZORNO TIJELO?<\/strong><\/p>\n<p>Ako smatrate da Va\u0161im osobnim podatcima ne rukujemo propisno\/zakonito imate pravo kontaktirati nadzorno tijelo. U ovom slu\u010daju nadzorno tijelo je Agencija za za\u0161titu osobnih podataka (AZOP).<\/p>\n<p>Podatke za kontaktiranje AZOP-a mo\u017eete prona\u0107i ovdje:<br \/>\n<a href=\"http:\/\/azop.hr\/zastita-podataka-hrvatska\/detaljnije\/kontaktirajte-nas\">http:\/\/azop.hr\/zastita-podataka-hrvatska\/detaljnije\/kontaktirajte-nas<\/a><\/p>\n<p><strong>16. UPORABA PROGRAMSKIH PRIKLJU\u010cAKA NA DRU\u0160TVENE MRE\u017dE<\/strong><\/p>\n<p>Programski priklju\u010dci (eng. \u201eplug-in\u201d) za razli\u010dite dru\u0161tvene mre\u017ee mogu biti ugra\u0111eni u na\u0161e internetske stranice. Povezane usluge pru\u017eaju odre\u0111ena dru\u0161tva (\u201epru\u017eatelji\u201d). Ti pru\u017eatelji uklju\u010duju:<\/p>\n<p>\u2013 Mre\u017eu Google kojom upravlja tvrtka Google, 1600 Amphitheatre Parkway, Mountain View, CA 94043 United States. Za pregled programskih priklju\u010daka na Google i njihov izgled posjetite sljede\u0107u adresu: <a href=\"https:\/\/www.google.com\/about\/products\/\">https:\/\/www.google.com\/about\/products\/<\/a><\/p>\n<p>\u2013 Mre\u017eu Facebook kojom upravlja tvrtka Facebook Inc., 1601 S. California Ave, Palo Alto, CA 94304, SAD (\u201eFacebook\u201d). Za pregled programskih priklju\u010daka na Facebook i njihov izgled posjetite sljede\u0107u adresu: <a href=\"https:\/\/developers.facebook.com\/docs\/plugins\">https:\/\/developers.facebook.com\/docs\/plugins<\/a><\/p>\n<p>\u2013 Mre\u017eu Twitter kojom upravlja tvrtka Twitter Inc., 1355 Market St, Suite 900, San Francisco, CA 94103, SAD (\u201eTwitter\u201d). Za pregled tipki za Twitter i njihov izgled posjetite sljede\u0107u adresu: <a href=\"https:\/\/dev.twitter.com\/web\/tweet-button\">https:\/\/dev.twitter.com\/web\/tweet-button<\/a><\/p>\n<p>\u2013 Mre\u017eu Instagram koju omogu\u0107uje Instagram LLC., 1601 Willow Road, Menlo Park, CA 94025, SAD (\u201eInstagram\u201c). Za pregled programskih priklju\u010daka na Instagram i njihov izgled posjetite adresu: <a href=\"http:\/\/blog.instagram.com\/post\/36222022872\/introducing-instagram-badges\">http:\/\/blog.instagram.com\/post\/36222022872\/introducing-instagram-badges<\/a><\/p>\n<p>\u2013 Mre\u017eu LinkedIn koju omogu\u0107uje LinkedIn Corporation, 2029 Stierlin Court, Mountain View, CA 94043, SAD (\u201eLinkedIn\u201d). Za pregled programskih priklju\u010daka na LinkedIn i njihov izgled posjetite adresu: <a href=\"https:\/\/developer.linkedin.com\/plugins#\">https:\/\/developer.linkedin.com\/plugins#<\/a><\/p>\n<p>Daljnje informacije o prikupljanju i uporabi podataka koje vr\u0161e nabrojani pru\u017eatelji usluga te o pravima i mogu\u0107nostima koje su vam dostupne za za\u0161titu privatnosti mo\u017eete prona\u0107i u njihovim pravilima o za\u0161titi podataka\/privatnosti:<\/p>\n<p>Pravila o za\u0161titi podataka\/privatnosti koja je izdao Google: <a href=\"https:\/\/policies.google.com\/privacy\">https:\/\/policies.google.com\/privacy<\/a><br \/>\nPravila o za\u0161titi podataka\/privatnosti koja je izdao Facebook: <a href=\"http:\/\/www.facebook.com\/policy.php\">http:\/\/www.facebook.com\/policy.php<\/a><br \/>\nPravila o za\u0161titi podataka\/privatnosti koja je izdao Twitter: <a href=\"https:\/\/twitter.com\/privacy\">https:\/\/twitter.com\/privacy<\/a><br \/>\nPravila o za\u0161titi podataka\/privatnosti koja je izdao Instagram: <a href=\"https:\/\/help.instagram.com\/155833707900388\/\">https:\/\/help.instagram.com\/155833707900388\/<\/a><br \/>\nPravila o za\u0161titi podataka\/privatnosti koja je izdao LinkedIn: <a href=\"https:\/\/www.linkedin.com\/legal\/privacy-policy\">https:\/\/www.linkedin.com\/legal\/privacy-policy<\/a><\/p>\n<\/div>\n<\/div>\n<\/div>\n<\/div>\n<\/div>\n<\/div>\n<\/div><\/div><\/div><\/div><\/div>","protected":false},"excerpt":{"rendered":"<p>Razumijemo da Vam je privatnost va\u017ena i da Vam je stalo do toga kako se Va\u0161i osobni podaci prikupljaju i koriste. Ova Pravila privatnosti obja\u0161njavaju kada, za\u0161to i kako prikupljamo osobne podatke od osoba koje posjete na\u0161u web stranicu, ispune narud\u017ebenicu i putem elektroni\u010dke komunikacije ugovore kori\u0161tenje bilo koje na\u0161e usluge ili proizvoda, ili koje [&hellip;]<\/p>\n","protected":false},"author":1,"featured_media":0,"parent":0,"menu_order":0,"comment_status":"closed","ping_status":"closed","template":"","meta":{"footnotes":""},"class_list":["post-313","page","type-page","status-publish","hentry","post"],"_links":{"self":[{"href":"https:\/\/www.vis-talez.com\/new\/wp-json\/wp\/v2\/pages\/313","targetHints":{"allow":["GET"]}}],"collection":[{"href":"https:\/\/www.vis-talez.com\/new\/wp-json\/wp\/v2\/pages"}],"about":[{"href":"https:\/\/www.vis-talez.com\/new\/wp-json\/wp\/v2\/types\/page"}],"author":[{"embeddable":true,"href":"https:\/\/www.vis-talez.com\/new\/wp-json\/wp\/v2\/users\/1"}],"replies":[{"embeddable":true,"href":"https:\/\/www.vis-talez.com\/new\/wp-json\/wp\/v2\/comments?post=313"}],"version-history":[{"count":5,"href":"https:\/\/www.vis-talez.com\/new\/wp-json\/wp\/v2\/pages\/313\/revisions"}],"predecessor-version":[{"id":498,"href":"https:\/\/www.vis-talez.com\/new\/wp-json\/wp\/v2\/pages\/313\/revisions\/498"}],"wp:attachment":[{"href":"https:\/\/www.vis-talez.com\/new\/wp-json\/wp\/v2\/media?parent=313"}],"curies":[{"name":"wp","href":"https:\/\/api.w.org\/{rel}","templated":true}]}}